{"id":327,"date":"2021-11-23T00:31:42","date_gmt":"2021-11-22T23:31:42","guid":{"rendered":"https:\/\/icgkarlsruhe.de\/?page_id=327"},"modified":"2024-11-11T22:24:35","modified_gmt":"2024-11-11T21:24:35","slug":"mission","status":"publish","type":"page","link":"https:\/\/icgkarlsruhe.de\/pt\/mission\/","title":{"rendered":"Miss\u00e3o da ICG"},"content":{"rendered":"<div class=\"wp-block-group alignfull has-base-color has-contrast-background-color has-text-color has-background has-global-padding is-layout-constrained wp-container-core-group-is-layout-248f7c56 wp-block-group-is-layout-constrained\" style=\"margin-top:0;margin-bottom:0;padding-top:var(--wp--preset--spacing--60);padding-right:var(--wp--preset--spacing--60);padding-bottom:var(--wp--preset--spacing--60);padding-left:var(--wp--preset--spacing--60)\">\n<div class=\"wp-block-group has-global-padding is-layout-constrained wp-block-group-is-layout-constrained\">\n<p class=\"has-text-align-center has-base-color has-text-color has-heading-font-family has-x-large-font-size wp-block-paragraph\" style=\"line-height:1.2\"><em>\"Portanto, v\u00e3o e fa\u00e7am disc\u00edpulos de todas as na\u00e7\u00f5es\"<\/em><\/p>\n\n\n\n<div style=\"height:var(--wp--preset--spacing--10)\" aria-hidden=\"true\" class=\"wp-block-spacer\"><\/div>\n\n\n\n<div class=\"wp-block-group is-vertical is-content-justification-center is-nowrap is-layout-flex wp-container-core-group-is-layout-e42cfab0 wp-block-group-is-layout-flex\">\n<p class=\"has-text-align-center wp-block-paragraph\" style=\"margin-top:var(--wp--preset--spacing--10);margin-bottom:0\">Jesus<\/p>\n\n\n\n<p class=\"has-text-align-center has-contrast-3-color has-text-color has-small-font-size wp-block-paragraph\" style=\"font-style:normal;font-weight:300\">Evangelho de Mateus 28:19<\/p>\n<\/div>\n<\/div>\n<\/div>\n\n\n\n<div class=\"wp-block-group alignfull has-base-2-background-color has-background has-global-padding is-layout-constrained wp-container-core-group-is-layout-73128380 wp-block-group-is-layout-constrained\" style=\"margin-top:0;margin-bottom:0;padding-top:var(--wp--preset--spacing--50);padding-right:var(--wp--preset--spacing--50);padding-bottom:var(--wp--preset--spacing--50);padding-left:var(--wp--preset--spacing--50)\">\n<div class=\"wp-block-group is-vertical is-content-justification-center is-layout-flex wp-container-core-group-is-layout-0009407c wp-block-group-is-layout-flex\">\n<h2 class=\"wp-block-heading has-text-align-center is-style-default\">Nossa miss\u00e3o consiste em levar pessoas a seguirem Jesus.<\/h2>\n\n\n\n<div style=\"height:0px\" aria-hidden=\"true\" class=\"wp-block-spacer wp-container-content-4f2ccadb\"><\/div>\n\n\n\n<p class=\"has-text-align-center wp-block-paragraph\">Para cumprir essa miss\u00e3o, queremos ser pessoas que...<\/p>\n<\/div>\n\n\n\n<div style=\"margin-top:0;margin-bottom:0;height:var(--wp--preset--spacing--40)\" aria-hidden=\"true\" class=\"wp-block-spacer\"><\/div>\n\n\n\n<div class=\"wp-block-columns alignwide is-layout-flex wp-container-core-columns-is-layout-d525a65d wp-block-columns-is-layout-flex\">\n<div class=\"wp-block-column is-layout-flow wp-container-core-column-is-layout-da384c3e wp-block-column-is-layout-flow\">\n<h3 class=\"wp-block-heading has-text-align-left is-style-default has-body-font-family has-medium-font-size\" style=\"font-style:normal;font-weight:600\">&#8230;<strong>amam a Deus<\/strong> e vivem para a Sua Gl\u00f3ria.<\/h3>\n<\/div>\n\n\n\n<div class=\"wp-block-column is-layout-flow wp-container-core-column-is-layout-da384c3e wp-block-column-is-layout-flow\">\n<h3 class=\"wp-block-heading has-text-align-left is-style-default has-body-font-family has-medium-font-size\" style=\"font-style:normal;font-weight:600\">...est\u00e3o&nbsp;<strong>comprometidas com uma<\/strong> <strong>igreja local<\/strong> sein.<\/h3>\n<\/div>\n\n\n\n<div class=\"wp-block-column is-layout-flow wp-container-core-column-is-layout-da384c3e wp-block-column-is-layout-flow\">\n<h3 class=\"wp-block-heading has-text-align-left is-style-default has-body-font-family has-medium-font-size\" style=\"font-style:normal;font-weight:600\">...buscam&nbsp;<strong>amadurecer espiritualmente<\/strong> .<\/h3>\n<\/div>\n<\/div>\n\n\n\n<div style=\"height:var(--wp--preset--spacing--20)\" aria-hidden=\"true\" class=\"wp-block-spacer\"><\/div>\n\n\n\n<div class=\"wp-block-columns alignwide is-layout-flex wp-container-core-columns-is-layout-d525a65d wp-block-columns-is-layout-flex\">\n<div class=\"wp-block-column is-layout-flow wp-container-core-column-is-layout-da384c3e wp-block-column-is-layout-flow\">\n<h3 class=\"wp-block-heading has-text-align-left is-style-default has-body-font-family has-medium-font-size\" style=\"font-style:normal;font-weight:600\">&#8230;<strong>demonstram amor ao pr\u00f3ximo<\/strong> .<\/h3>\n<\/div>\n\n\n\n<div class=\"wp-block-column is-layout-flow wp-container-core-column-is-layout-da384c3e wp-block-column-is-layout-flow\">\n<h3 class=\"wp-block-heading has-text-align-left is-style-default has-body-font-family has-medium-font-size\" style=\"font-style:normal;font-weight:600\">&#8230;<strong>anunciam o Evangelho<\/strong> .<\/h3>\n<\/div>\n\n\n\n<div class=\"wp-block-column is-layout-flow wp-container-core-column-is-layout-da384c3e wp-block-column-is-layout-flow\"><\/div>\n<\/div>\n<\/div>\n\n\n\n<div style=\"height:15px\" aria-hidden=\"true\" class=\"wp-block-spacer\"><\/div>\n\n\n\n<div class=\"wp-block-buttons is-content-justification-center is-layout-flex wp-container-core-buttons-is-layout-0aa01211 wp-block-buttons-is-layout-flex\">\n<div class=\"wp-block-button\"><a class=\"wp-block-button__link wp-element-button\" href=\"https:\/\/icgkarlsruhe.de\/pt\/was-wir-glauben\/\" style=\"border-radius:10px\">No que cremos<\/a><\/div>\n<\/div>","protected":false},"excerpt":{"rendered":"<p>\u201eDarum geht zu allen V\u00f6lkern und&nbsp;macht die Menschen zu meinen J\u00fcngern.\u201c Jesus in Matth\u00e4us 28,19 Unsere Mission ist es, Menschen zu J\u00fcngern Jesu zu machen. Um diese Mission zu erf\u00fcllen, m\u00f6chten wir&#8230; &#8230;Gott lieben und f\u00fcr Seine Herrlichkeit leben. &#8230;mit einer&nbsp;lokalen Gemeinde verbindlich sein. &#8230;nach der&nbsp;geistlichen Reife streben. &#8230;N\u00e4chstenliebe zeigen. &#8230;Das Evangelium verk\u00fcndigen.<\/p>","protected":false},"author":1,"featured_media":0,"parent":0,"menu_order":0,"comment_status":"closed","ping_status":"closed","template":"","meta":{"_crdt_document":"","footnotes":""},"class_list":["post-327","page","type-page","status-publish","hentry"],"_links":{"self":[{"href":"https:\/\/icgkarlsruhe.de\/pt\/wp-json\/wp\/v2\/pages\/327","targetHints":{"allow":["GET"]}}],"collection":[{"href":"https:\/\/icgkarlsruhe.de\/pt\/wp-json\/wp\/v2\/pages"}],"about":[{"href":"https:\/\/icgkarlsruhe.de\/pt\/wp-json\/wp\/v2\/types\/page"}],"author":[{"embeddable":true,"href":"https:\/\/icgkarlsruhe.de\/pt\/wp-json\/wp\/v2\/users\/1"}],"replies":[{"embeddable":true,"href":"https:\/\/icgkarlsruhe.de\/pt\/wp-json\/wp\/v2\/comments?post=327"}],"version-history":[{"count":10,"href":"https:\/\/icgkarlsruhe.de\/pt\/wp-json\/wp\/v2\/pages\/327\/revisions"}],"predecessor-version":[{"id":1054,"href":"https:\/\/icgkarlsruhe.de\/pt\/wp-json\/wp\/v2\/pages\/327\/revisions\/1054"}],"wp:attachment":[{"href":"https:\/\/icgkarlsruhe.de\/pt\/wp-json\/wp\/v2\/media?parent=327"}],"curies":[{"name":"wp","href":"https:\/\/api.w.org\/{rel}","templated":true}]}}